{"id":905,"date":"2022-08-22T06:27:52","date_gmt":"2022-08-22T04:27:52","guid":{"rendered":"http:\/\/maisonjeunesburundi.org\/?page_id=905"},"modified":"2024-05-14T23:17:17","modified_gmt":"2024-05-14T21:17:17","slug":"entreprenariat","status":"publish","type":"page","link":"https:\/\/maisonjeunesburundi.org\/index.php\/entreprenariat\/","title":{"rendered":"Entreprenariat"},"content":{"rendered":"\n<figure class=\"wp-block-image size-large\"><img loading=\"lazy\" decoding=\"async\" width=\"1024\" height=\"683\" src=\"http:\/\/maisonjeunesburundi.org\/wp-content\/uploads\/2024\/05\/IMG_4732-1024x683.jpg\" alt=\"\" class=\"wp-image-1428\" srcset=\"https:\/\/maisonjeunesburundi.org\/wp-content\/uploads\/2024\/05\/IMG_4732-1024x683.jpg 1024w, https:\/\/maisonjeunesburundi.org\/wp-content\/uploads\/2024\/05\/IMG_4732-300x200.jpg 300w, https:\/\/maisonjeunesburundi.org\/wp-content\/uploads\/2024\/05\/IMG_4732-768x512.jpg 768w, https:\/\/maisonjeunesburundi.org\/wp-content\/uploads\/2024\/05\/IMG_4732-1536x1024.jpg 1536w, https:\/\/maisonjeunesburundi.org\/wp-content\/uploads\/2024\/05\/IMG_4732-2048x1365.jpg 2048w, https:\/\/maisonjeunesburundi.org\/wp-content\/uploads\/2024\/05\/IMG_4732-600x400.jpg 600w\" sizes=\"auto, (max-width: 1024px) 100vw, 1024px\" \/><\/figure>\n\n\n\n<p>Nous avons suivi une formation entrepreneuriale \u00e0 la Maison des jeunes, Comme l&rsquo;atteste Glacia, cela nous a rendus plus forts en mati\u00e8re d&rsquo;entrepreneuriat.<\/p>\n\n\n\n<p>Pendant 6 mois, nous avons acquis plusieurs avantages et r\u00e9pondu aux questions que nous avions auparavant comme suit :<\/p>\n\n\n\n<p>\u2460 Qu&rsquo;est-ce que l&rsquo;entrepreneuriat<\/p>\n\n\n\n<p>\u2460 Comment cr\u00e9er ou cr\u00e9er un plan d&rsquo;affaires personnel<\/p>\n\n\n\n<p>\u2461 pouvons-nous participer \u00e0 des comp\u00e9titions, &nbsp;etc.<\/p>\n\n\n\n<p>Apr\u00e8s cette formation, nous pouvons r\u00e9pondre nous-m\u00eames \u00e0 ces questions ; nous pouvons \u00e9galement faire \u00e0 chacun de nous un business plan pour son projet. Au cours de la formation ; nous avons \u00e9galement obtenu diverses t\u00e9moignages d&rsquo;entrepreneurs ou de camarades qui sont en train de mettre en \u0153uvre leurs projets ; ces certifications am\u00e9liorent ; notre vision ; nos id\u00e9es entrepreneuriales ainsi que nos r\u00e9flexions et selon ces t\u00e9moignages, chacun de nous a retir\u00e9 le chemin le plus concret \u00e0 suivre.<\/p>\n\n\n\n<p>Au cours de la formation, ils ont pratiqu\u00e9 diverses exp\u00e9riences, notamment la fabrication de savons \u00e0 l&rsquo;huile, fabrication des jus etc.<\/p>\n\n\n\n<figure class=\"wp-block-image size-large\"><img loading=\"lazy\" decoding=\"async\" width=\"1024\" height=\"683\" src=\"http:\/\/maisonjeunesburundi.org\/wp-content\/uploads\/2024\/05\/ok4-1024x683.jpg\" alt=\"\" class=\"wp-image-1427\" srcset=\"https:\/\/maisonjeunesburundi.org\/wp-content\/uploads\/2024\/05\/ok4-1024x683.jpg 1024w, https:\/\/maisonjeunesburundi.org\/wp-content\/uploads\/2024\/05\/ok4-300x200.jpg 300w, https:\/\/maisonjeunesburundi.org\/wp-content\/uploads\/2024\/05\/ok4-768x512.jpg 768w, https:\/\/maisonjeunesburundi.org\/wp-content\/uploads\/2024\/05\/ok4-1536x1024.jpg 1536w, https:\/\/maisonjeunesburundi.org\/wp-content\/uploads\/2024\/05\/ok4-2048x1365.jpg 2048w, https:\/\/maisonjeunesburundi.org\/wp-content\/uploads\/2024\/05\/ok4-600x400.jpg 600w\" sizes=\"auto, (max-width: 1024px) 100vw, 1024px\" \/><\/figure>\n\n\n\n<p>Par ces exp\u00e9riences, nous avons constat\u00e9 que nos objectifs sont atteints ; nous avons vraiment trouv\u00e9 les produits que nous voulons. La formation \u00e0 l&rsquo;entrepreneuriat men\u00e9e par la Maison des jeunes, synchronise l&rsquo;entrepreneuriat avec les objectifs de d\u00e9veloppement durable pour contribuer dans la vision du pays \u00e9mergeant.<\/p>\n\n\n\n<p>\u00c0 la suite, nos formateurs nous aiment beaucoup, m\u00eame si nous avons des questions sur l\u2019entrepreneuriat ; tous les jours ; toutes les heures, ils r\u00e9pondent \u00e0 nos questions sans tenir compte des heures et des jours de travail, nous leur en sommes tr\u00e8s reconnaissants.<\/p>\n\n\n\n<p>Rappelons que la Maison des jeunes du Burundi encadre et aide les jeunes et les femmes, notamment en leur apportant un immense soutien dans divers domaines. ;<\/p>\n\n\n\n<p>* Conception des CV moderne&nbsp;;<\/p>\n\n\n\n<p>* Former et encourager les jeunes aux TIC et \u00e0 l&rsquo;entrepreneuriat;<\/p>\n\n\n\n<p>* Accompagner les jeunes dans leur recherche d&#8217;emploi;<\/p>\n\n\n\n<p>* Promouvoir et concevoir des CV pour les jeunes dipl\u00f4m\u00e9s<\/p>\n\n\n\n<p>.<\/p>\n","protected":false},"excerpt":{"rendered":"<p>Nous avons suivi une formation entrepreneuriale \u00e0 la Maison des jeunes, Comme l&rsquo;atteste Glacia, cela nous a rendus plus forts en mati\u00e8re d&rsquo;entrepreneuriat. Pendant 6 mois, nous avons acquis plusieurs avantages et r\u00e9pondu aux questions que nous avions auparavant comme suit : \u2460 Qu&rsquo;est-ce que l&rsquo;entrepreneuriat \u2460 Comment cr\u00e9er ou cr\u00e9er un plan d&rsquo;affaires personnel \u2461 pouvons-nous participer \u00e0 des&#8230;<\/p>\n","protected":false},"author":1,"featured_media":0,"parent":0,"menu_order":0,"comment_status":"closed","ping_status":"closed","template":"","meta":{"footnotes":""},"class_list":["post-905","page","type-page","status-publish","hentry"],"_links":{"self":[{"href":"https:\/\/maisonjeunesburundi.org\/index.php\/wp-json\/wp\/v2\/pages\/905","targetHints":{"allow":["GET"]}}],"collection":[{"href":"https:\/\/maisonjeunesburundi.org\/index.php\/wp-json\/wp\/v2\/pages"}],"about":[{"href":"https:\/\/maisonjeunesburundi.org\/index.php\/wp-json\/wp\/v2\/types\/page"}],"author":[{"embeddable":true,"href":"https:\/\/maisonjeunesburundi.org\/index.php\/wp-json\/wp\/v2\/users\/1"}],"replies":[{"embeddable":true,"href":"https:\/\/maisonjeunesburundi.org\/index.php\/wp-json\/wp\/v2\/comments?post=905"}],"version-history":[{"count":2,"href":"https:\/\/maisonjeunesburundi.org\/index.php\/wp-json\/wp\/v2\/pages\/905\/revisions"}],"predecessor-version":[{"id":1429,"href":"https:\/\/maisonjeunesburundi.org\/index.php\/wp-json\/wp\/v2\/pages\/905\/revisions\/1429"}],"wp:attachment":[{"href":"https:\/\/maisonjeunesburundi.org\/index.php\/wp-json\/wp\/v2\/media?parent=905"}],"curies":[{"name":"wp","href":"https:\/\/api.w.org\/{rel}","templated":true}]}}