{"id":903,"date":"2022-08-22T06:27:30","date_gmt":"2022-08-22T04:27:30","guid":{"rendered":"http:\/\/maisonjeunesburundi.org\/?page_id=903"},"modified":"2023-02-21T20:07:01","modified_gmt":"2023-02-21T19:07:01","slug":"sante","status":"publish","type":"page","link":"https:\/\/maisonjeunesburundi.org\/index.php\/sante\/","title":{"rendered":"Sant\u00e9"},"content":{"rendered":"\n<figure class=\"wp-block-image size-large\"><img loading=\"lazy\" decoding=\"async\" width=\"1024\" height=\"682\" src=\"http:\/\/maisonjeunesburundi.org\/wp-content\/uploads\/2023\/02\/fyler-cabinet-medical-corrige-1-1024x682.jpg\" alt=\"\" class=\"wp-image-1076\" srcset=\"https:\/\/maisonjeunesburundi.org\/wp-content\/uploads\/2023\/02\/fyler-cabinet-medical-corrige-1-1024x682.jpg 1024w, https:\/\/maisonjeunesburundi.org\/wp-content\/uploads\/2023\/02\/fyler-cabinet-medical-corrige-1-300x200.jpg 300w, https:\/\/maisonjeunesburundi.org\/wp-content\/uploads\/2023\/02\/fyler-cabinet-medical-corrige-1-768x512.jpg 768w, https:\/\/maisonjeunesburundi.org\/wp-content\/uploads\/2023\/02\/fyler-cabinet-medical-corrige-1-1536x1024.jpg 1536w, https:\/\/maisonjeunesburundi.org\/wp-content\/uploads\/2023\/02\/fyler-cabinet-medical-corrige-1-600x400.jpg 600w, https:\/\/maisonjeunesburundi.org\/wp-content\/uploads\/2023\/02\/fyler-cabinet-medical-corrige-1.jpg 1772w\" sizes=\"auto, (max-width: 1024px) 100vw, 1024px\" \/><figcaption class=\"wp-element-caption\"><strong>SOUHAITERIEZ-VOUS DE CONNAITRE DE JOUR LE JOUR L\u2019ETAT DE VOTRE SANTE\u00a0?<\/strong><br>La maison des Jeunes dispose un cabinet m\u00e9dical ouvert tous les jours du lundi au vendredi, de 8h \u00e0 18h. Les m\u00e9decins et les infirmiers les plus exp\u00e9riment\u00e9s sont l\u00e0 \u00a0pour vous garantir une sant\u00e9 saine en vous offrant \u00a0des services gratuits comme les consultations et diff\u00e9rents examens notamment\u00a0:<br><strong>TDR Paludisme\u00a0;<\/strong><br><strong>Glyc\u00e9mie<\/strong><br><strong>S\u00e9ro-R\u00e9tro\u00a0;<\/strong><br><strong>VDRL-TPHA<\/strong><br><strong>Ag Hbs<\/strong><br><strong>Ac Hvc<\/strong><br><strong>Test de grossesse<\/strong><br>\u00a0<br>Dans une perspective de promouvoir les CPN, ledit cabinet vous offre \u00e9galement des examens \u00e9chographiques et cela r\u00e9duit les taux de mortalit\u00e9 maternelle et infantile.<br>Voulez-vous enfin des conseils sur votre sant\u00e9 sexuelle et Reproductive, sachez que vous avez gagn\u00e9 le gros lot. Les portes vous sont toujours ouvertes et un accueil chaleureux vous attend en toute confidentialit\u00e9.<\/figcaption><\/figure>\n","protected":false},"excerpt":{"rendered":"","protected":false},"author":1,"featured_media":0,"parent":0,"menu_order":0,"comment_status":"closed","ping_status":"closed","template":"","meta":{"footnotes":""},"class_list":["post-903","page","type-page","status-publish","hentry"],"_links":{"self":[{"href":"https:\/\/maisonjeunesburundi.org\/index.php\/wp-json\/wp\/v2\/pages\/903","targetHints":{"allow":["GET"]}}],"collection":[{"href":"https:\/\/maisonjeunesburundi.org\/index.php\/wp-json\/wp\/v2\/pages"}],"about":[{"href":"https:\/\/maisonjeunesburundi.org\/index.php\/wp-json\/wp\/v2\/types\/page"}],"author":[{"embeddable":true,"href":"https:\/\/maisonjeunesburundi.org\/index.php\/wp-json\/wp\/v2\/users\/1"}],"replies":[{"embeddable":true,"href":"https:\/\/maisonjeunesburundi.org\/index.php\/wp-json\/wp\/v2\/comments?post=903"}],"version-history":[{"count":2,"href":"https:\/\/maisonjeunesburundi.org\/index.php\/wp-json\/wp\/v2\/pages\/903\/revisions"}],"predecessor-version":[{"id":1077,"href":"https:\/\/maisonjeunesburundi.org\/index.php\/wp-json\/wp\/v2\/pages\/903\/revisions\/1077"}],"wp:attachment":[{"href":"https:\/\/maisonjeunesburundi.org\/index.php\/wp-json\/wp\/v2\/media?parent=903"}],"curies":[{"name":"wp","href":"https:\/\/api.w.org\/{rel}","templated":true}]}}