{"id":529,"date":"2022-03-24T07:37:59","date_gmt":"2022-03-24T07:37:59","guid":{"rendered":"https:\/\/bizbergthemes.com\/clean-charity-lite\/?page_id=529"},"modified":"2022-08-22T06:23:18","modified_gmt":"2022-08-22T04:23:18","slug":"about-us","status":"publish","type":"page","link":"https:\/\/maisonjeunesburundi.org\/index.php\/about-us\/","title":{"rendered":"A propos de nous"},"content":{"rendered":"\t\t<div data-elementor-type=\"wp-page\" data-elementor-id=\"529\" class=\"elementor elementor-529\">\n\t\t\t\t\t\t\t\t\t<section class=\"elementor-section elementor-top-section elementor-element elementor-element-7805833a elementor-section-boxed elementor-section-height-default elementor-section-height-default\" data-id=\"7805833a\" data-element_type=\"section\">\n\t\t\t\t\t\t<div class=\"elementor-container elementor-column-gap-default\">\n\t\t\t\t\t<div class=\"elementor-column elementor-col-100 elementor-top-column elementor-element elementor-element-403aa41a\" data-id=\"403aa41a\" data-element_type=\"column\">\n\t\t\t<div class=\"elementor-widget-wrap elementor-element-populated\">\n\t\t\t\t\t\t\t\t<div class=\"elementor-element elementor-element-2cbd3a61 elementor-widget elementor-widget-text-editor\" data-id=\"2cbd3a61\" data-element_type=\"widget\" data-widget_type=\"text-editor.default\">\n\t\t\t\t<div class=\"elementor-widget-container\">\n\t\t\t<style>\/*! elementor - v3.7.2 - 21-08-2022 *\/\n.elementor-widget-text-editor.elementor-drop-cap-view-stacked .elementor-drop-cap{background-color:#818a91;color:#fff}.elementor-widget-text-editor.elementor-drop-cap-view-framed .elementor-drop-cap{color:#818a91;border:3px solid;background-color:transparent}.elementor-widget-text-editor:not(.elementor-drop-cap-view-default) .elementor-drop-cap{margin-top:8px}.elementor-widget-text-editor:not(.elementor-drop-cap-view-default) .elementor-drop-cap-letter{width:1em;height:1em}.elementor-widget-text-editor .elementor-drop-cap{float:left;text-align:center;line-height:1;font-size:50px}.elementor-widget-text-editor .elementor-drop-cap-letter{display:inline-block}<\/style>\t\t\t\t<!-- wp:paragraph -->\n<p>La Maison des Jeunes du Burundi est un centre integr\u00e9 des TIC et de l&rsquo;entreprenariat pour sensibiliser les jeunes sur la sant\u00e9 de reproduction et le renforcement du leadership, qui se trouve en partenariat avec Global Peace Chain Burundi.<\/p>\n<!-- \/wp:paragraph -->\n\n<!-- wp:paragraph -->\n<p>Ce centre veut \u00eatre une r\u00e9f\u00e9rence au Burundi et dans l&rsquo;Afrique dans l&rsquo;necadrement des Jeunes en entreprenariat et en TIC et dans la prise en charge gratuite de leur sant\u00e9 pour leur bien-\u00eatre.<\/p>\n<!-- \/wp:paragraph -->\n\n<!-- wp:paragraph -->\n<p>La Maison des Jeunes du Burundi fonctionne comme une organisation communautaire sans but lucratif qu&rsquo;offre aux jeunes un lieu de rencontre et d&rsquo;appartenance s\u00e9curitaire et communautaire. Elle favorise les activit\u00e9s sociales, communautaires, r\u00e9cr\u00e9actives et artistiques comme porte d&rsquo;entr\u00e9e pour offrir de services adapt\u00e9s tout en repondant aux besoins des jeunes en sant\u00e9 sexuelle et reproductive.<\/p>\n<!-- \/wp:paragraph -->\n\n<!-- wp:paragraph -->\n<p><\/p>\n<!-- \/wp:paragraph -->\n\n<!-- wp:paragraph -->\n<p><\/p>\n<!-- \/wp:paragraph -->\t\t\t\t\t\t<\/div>\n\t\t\t\t<\/div>\n\t\t\t\t\t<\/div>\n\t\t<\/div>\n\t\t\t\t\t\t\t<\/div>\n\t\t<\/section>\n\t\t\t\t<section class=\"elementor-section elementor-top-section elementor-element elementor-element-598a3db elementor-section-boxed elementor-section-height-default elementor-section-height-default\" data-id=\"598a3db\" data-element_type=\"section\">\n\t\t\t\t\t\t<div class=\"elementor-container elementor-column-gap-default\">\n\t\t\t\t\t<div class=\"elementor-column elementor-col-50 elementor-top-column elementor-element elementor-element-027290b\" data-id=\"027290b\" data-element_type=\"column\">\n\t\t\t<div class=\"elementor-widget-wrap elementor-element-populated\">\n\t\t\t\t\t\t\t\t<div class=\"elementor-element elementor-element-5669ae9 elementor-widget elementor-widget-image\" data-id=\"5669ae9\" data-element_type=\"widget\" data-widget_type=\"image.default\">\n\t\t\t\t<div class=\"elementor-widget-container\">\n\t\t\t<style>\/*! elementor - v3.7.2 - 21-08-2022 *\/\n.elementor-widget-image{text-align:center}.elementor-widget-image a{display:inline-block}.elementor-widget-image a img[src$=\".svg\"]{width:48px}.elementor-widget-image img{vertical-align:middle;display:inline-block}<\/style>\t\t\t\t\t\t\t\t\t\t\t\t<img loading=\"lazy\" decoding=\"async\" width=\"640\" height=\"427\" src=\"https:\/\/maisonjeunesburundi.org\/wp-content\/uploads\/2022\/08\/20220819_125234-1-1024x683.jpg\" class=\"attachment-large size-large\" alt=\"\" srcset=\"https:\/\/maisonjeunesburundi.org\/wp-content\/uploads\/2022\/08\/20220819_125234-1-1024x683.jpg 1024w, https:\/\/maisonjeunesburundi.org\/wp-content\/uploads\/2022\/08\/20220819_125234-1-300x200.jpg 300w, https:\/\/maisonjeunesburundi.org\/wp-content\/uploads\/2022\/08\/20220819_125234-1-768x512.jpg 768w, https:\/\/maisonjeunesburundi.org\/wp-content\/uploads\/2022\/08\/20220819_125234-1-1536x1024.jpg 1536w, https:\/\/maisonjeunesburundi.org\/wp-content\/uploads\/2022\/08\/20220819_125234-1-600x400.jpg 600w, https:\/\/maisonjeunesburundi.org\/wp-content\/uploads\/2022\/08\/20220819_125234-1.jpg 2048w\" sizes=\"auto, (max-width: 640px) 100vw, 640px\" \/>\t\t\t\t\t\t\t\t\t\t\t\t\t\t\t<\/div>\n\t\t\t\t<\/div>\n\t\t\t\t\t<\/div>\n\t\t<\/div>\n\t\t\t\t<div class=\"elementor-column elementor-col-50 elementor-top-column elementor-element elementor-element-fae4c0a\" data-id=\"fae4c0a\" data-element_type=\"column\">\n\t\t\t<div class=\"elementor-widget-wrap elementor-element-populated\">\n\t\t\t\t\t\t\t\t<div class=\"elementor-element elementor-element-5eaf6c0 elementor-widget elementor-widget-text-editor\" data-id=\"5eaf6c0\" data-element_type=\"widget\" data-widget_type=\"text-editor.default\">\n\t\t\t\t<div class=\"elementor-widget-container\">\n\t\t\t\t\t\t\t<p>\u00a0<\/p>\n<p>Ce centre veut \u00eatre une r\u00e9f\u00e9rence au Burundi et dans l\u2019Afrique dans l\u2019necadrement des Jeunes en entreprenariat et en TIC et dans la prise en charge gratuite de leur sant\u00e9 pour leur bien-\u00eatre.<\/p>\t\t\t\t\t\t<\/div>\n\t\t\t\t<\/div>\n\t\t\t\t\t<\/div>\n\t\t<\/div>\n\t\t\t\t\t\t\t<\/div>\n\t\t<\/section>\n\t\t\t\t\t\t\t<\/div>\n\t\t","protected":false},"excerpt":{"rendered":"<p>La Maison des Jeunes du Burundi est un centre integr\u00e9 des TIC et de l&rsquo;entreprenariat pour sensibiliser les jeunes sur la sant\u00e9 de reproduction et le renforcement du leadership, qui se trouve en partenariat avec Global Peace Chain Burundi. Ce centre veut \u00eatre une r\u00e9f\u00e9rence au Burundi et dans l&rsquo;Afrique dans l&rsquo;necadrement des Jeunes en entreprenariat et en TIC et&#8230;<\/p>\n","protected":false},"author":1,"featured_media":887,"parent":0,"menu_order":0,"comment_status":"closed","ping_status":"closed","template":"","meta":{"footnotes":""},"class_list":["post-529","page","type-page","status-publish","has-post-thumbnail","hentry"],"_links":{"self":[{"href":"https:\/\/maisonjeunesburundi.org\/index.php\/wp-json\/wp\/v2\/pages\/529","targetHints":{"allow":["GET"]}}],"collection":[{"href":"https:\/\/maisonjeunesburundi.org\/index.php\/wp-json\/wp\/v2\/pages"}],"about":[{"href":"https:\/\/maisonjeunesburundi.org\/index.php\/wp-json\/wp\/v2\/types\/page"}],"author":[{"embeddable":true,"href":"https:\/\/maisonjeunesburundi.org\/index.php\/wp-json\/wp\/v2\/users\/1"}],"replies":[{"embeddable":true,"href":"https:\/\/maisonjeunesburundi.org\/index.php\/wp-json\/wp\/v2\/comments?post=529"}],"version-history":[{"count":8,"href":"https:\/\/maisonjeunesburundi.org\/index.php\/wp-json\/wp\/v2\/pages\/529\/revisions"}],"predecessor-version":[{"id":902,"href":"https:\/\/maisonjeunesburundi.org\/index.php\/wp-json\/wp\/v2\/pages\/529\/revisions\/902"}],"wp:featuredmedia":[{"embeddable":true,"href":"https:\/\/maisonjeunesburundi.org\/index.php\/wp-json\/wp\/v2\/media\/887"}],"wp:attachment":[{"href":"https:\/\/maisonjeunesburundi.org\/index.php\/wp-json\/wp\/v2\/media?parent=529"}],"curies":[{"name":"wp","href":"https:\/\/api.w.org\/{rel}","templated":true}]}}